{"id":1594,"date":"2025-08-18T23:23:43","date_gmt":"2025-08-18T23:23:43","guid":{"rendered":"https:\/\/estevezbodegas.com\/mencia-rose\/"},"modified":"2025-12-14T14:52:40","modified_gmt":"2025-12-14T14:52:40","slug":"mencia-rose","status":"publish","type":"page","link":"https:\/\/estevezbodegas.com\/en\/wines\/mencia-rose\/","title":{"rendered":"Menc\u00eda Ros\u00e9"},"content":{"rendered":"\t\t<div data-elementor-type=\"wp-page\" data-elementor-id=\"1594\" class=\"elementor elementor-1594 elementor-310\" data-elementor-settings=\"{&quot;element_pack_global_tooltip_width&quot;:{&quot;unit&quot;:&quot;px&quot;,&quot;size&quot;:&quot;&quot;,&quot;sizes&quot;:[]},&quot;element_pack_global_tooltip_width_tablet&quot;:{&quot;unit&quot;:&quot;px&quot;,&quot;size&quot;:&quot;&quot;,&quot;sizes&quot;:[]},&quot;element_pack_global_tooltip_width_mobile&quot;:{&quot;unit&quot;:&quot;px&quot;,&quot;size&quot;:&quot;&quot;,&quot;sizes&quot;:[]},&quot;element_pack_global_tooltip_padding&quot;:{&quot;unit&quot;:&quot;px&quot;,&quot;top&quot;:&quot;&quot;,&quot;right&quot;:&quot;&quot;,&quot;bottom&quot;:&quot;&quot;,&quot;left&quot;:&quot;&quot;,&quot;isLinked&quot;:true},&quot;element_pack_global_tooltip_padding_tablet&quot;:{&quot;unit&quot;:&quot;px&quot;,&quot;top&quot;:&quot;&quot;,&quot;right&quot;:&quot;&quot;,&quot;bottom&quot;:&quot;&quot;,&quot;left&quot;:&quot;&quot;,&quot;isLinked&quot;:true},&quot;element_pack_global_tooltip_padding_mobile&quot;:{&quot;unit&quot;:&quot;px&quot;,&quot;top&quot;:&quot;&quot;,&quot;right&quot;:&quot;&quot;,&quot;bottom&quot;:&quot;&quot;,&quot;left&quot;:&quot;&quot;,&quot;isLinked&quot;:true},&quot;element_pack_global_tooltip_border_radius&quot;:{&quot;unit&quot;:&quot;px&quot;,&quot;top&quot;:&quot;&quot;,&quot;right&quot;:&quot;&quot;,&quot;bottom&quot;:&quot;&quot;,&quot;left&quot;:&quot;&quot;,&quot;isLinked&quot;:true},&quot;element_pack_global_tooltip_border_radius_tablet&quot;:{&quot;unit&quot;:&quot;px&quot;,&quot;top&quot;:&quot;&quot;,&quot;right&quot;:&quot;&quot;,&quot;bottom&quot;:&quot;&quot;,&quot;left&quot;:&quot;&quot;,&quot;isLinked&quot;:true},&quot;element_pack_global_tooltip_border_radius_mobile&quot;:{&quot;unit&quot;:&quot;px&quot;,&quot;top&quot;:&quot;&quot;,&quot;right&quot;:&quot;&quot;,&quot;bottom&quot;:&quot;&quot;,&quot;left&quot;:&quot;&quot;,&quot;isLinked&quot;:true}}\" data-elementor-post-type=\"page\">\n\t\t\t\t<div class=\"elementor-element elementor-element-a4e53d0 e-flex e-con-boxed e-con e-parent\" data-id=\"a4e53d0\" data-element_type=\"container\" data-e-type=\"container\" data-settings=\"{&quot;background_background&quot;:&quot;classic&quot;}\">\n\t\t\t\t\t<div class=\"e-con-inner\">\n\t\t<div class=\"elementor-element elementor-element-016cd07 e-con-full e-flex e-con e-child\" data-id=\"016cd07\" data-element_type=\"container\" data-e-type=\"container\">\n\t\t\t\t<div class=\"elementor-element elementor-element-7d56ede elementor-invisible elementor-widget elementor-widget-image\" data-id=\"7d56ede\" data-element_type=\"widget\" data-e-type=\"widget\" data-settings=\"{&quot;_animation&quot;:&quot;fadeInUp&quot;}\" data-widget_type=\"image.default\">\n\t\t\t\t\t\t\t\t\t\t\t\t\t\t\t<img fetchpriority=\"high\" decoding=\"async\" width=\"279\" height=\"1024\" src=\"https:\/\/estevezbodegas.com\/wp-content\/uploads\/2025\/08\/ddb702f8-58af-4f62-8233-ae8fca5eed77-279x1024.png\" class=\"attachment-large size-large wp-image-1595\" alt=\"\" srcset=\"https:\/\/estevezbodegas.com\/wp-content\/uploads\/2025\/08\/ddb702f8-58af-4f62-8233-ae8fca5eed77-279x1024.png 279w, https:\/\/estevezbodegas.com\/wp-content\/uploads\/2025\/08\/ddb702f8-58af-4f62-8233-ae8fca5eed77-82x300.png 82w\" sizes=\"(max-width: 279px) 100vw, 279px\" \/>\t\t\t\t\t\t\t\t\t\t\t\t\t\t\t<\/div>\n\t\t\t\t<\/div>\n\t\t<div class=\"elementor-element elementor-element-2b66c6a e-con-full e-flex e-con e-child\" data-id=\"2b66c6a\" data-element_type=\"container\" data-e-type=\"container\">\n\t\t\t\t<div class=\"elementor-element elementor-element-30e9a33 elementor-widget elementor-widget-heading\" data-id=\"30e9a33\" data-element_type=\"widget\" data-e-type=\"widget\" data-widget_type=\"heading.default\">\n\t\t\t\t\t<p class=\"elementor-heading-title elementor-size-default\">Menc\u00eda Ros\u00e9 - VALTUILLE DE ABAJO<\/p>\t\t\t\t<\/div>\n\t\t\t\t<div class=\"elementor-element elementor-element-5899548 elementor-invisible elementor-widget elementor-widget-heading\" data-id=\"5899548\" data-element_type=\"widget\" data-e-type=\"widget\" data-settings=\"{&quot;_animation&quot;:&quot;fadeInLeft&quot;}\" data-widget_type=\"heading.default\">\n\t\t\t\t\t<h1 class=\"elementor-heading-title elementor-size-default\">Versos de<br>Valtuille<\/h1>\t\t\t\t<\/div>\n\t\t\t\t<div class=\"elementor-element elementor-element-b3eb2d7 elementor-widget elementor-widget-text-editor\" data-id=\"b3eb2d7\" data-element_type=\"widget\" data-e-type=\"widget\" data-widget_type=\"text-editor.default\">\n\t\t\t\t\t\t\t\t\t<p>Musts of Menc\u00eda, Bastardo and Godello Viejo descend by gravity to ferment with indigenous yeasts. The wine then rests for twelve months in French oak barrels, slowly refining until it becomes a ros\u00e9 that reads like a verse: fresh, delicate and full of Bierzo identity. <\/p>\t\t\t\t\t\t\t\t<\/div>\n\t\t<div class=\"elementor-element elementor-element-ef002bf e-con-full e-flex e-con e-child\" data-id=\"ef002bf\" data-element_type=\"container\" data-e-type=\"container\">\n\t\t\t\t<div class=\"elementor-element elementor-element-3add254 elementor-invisible elementor-widget elementor-widget-bdt-creative-button\" data-id=\"3add254\" data-element_type=\"widget\" data-e-type=\"widget\" data-settings=\"{&quot;_animation&quot;:&quot;fadeInUp&quot;}\" data-widget_type=\"bdt-creative-button.default\">\n\t\t\t\t\t\t\t\t\t\t<a href=\"https:\/\/www.lavinia.com\/es-es\/estevez-bodegas-y-vinedos-versos-rosado-2022\" class=\"bdt-ep-creative-button bdt-ep-creative-button--elon\" target=\"_blank\" rel=\"noopener\"><span>Buy online<\/span><\/a>\n\t\t\n\t\t\t\t\t\t<\/div>\n\t\t\t\t<div class=\"elementor-element elementor-element-9b651a2 elementor-invisible elementor-widget elementor-widget-bdt-creative-button\" data-id=\"9b651a2\" data-element_type=\"widget\" data-e-type=\"widget\" data-settings=\"{&quot;_animation&quot;:&quot;fadeInUp&quot;,&quot;_animation_delay&quot;:250}\" data-widget_type=\"bdt-creative-button.default\">\n\t\t\t\t\t\t\t\t\t\t<a href=\"#ficha\" class=\"bdt-ep-creative-button bdt-ep-creative-button--elon\"><span>Technical data<\/span><\/a>\n\t\t\n\t\t\t\t\t\t<\/div>\n\t\t\t\t<\/div>\n\t\t\t\t<\/div>\n\t\t\t\t\t<\/div>\n\t\t\t\t<\/div>\n\t\t<div class=\"elementor-element elementor-element-3ce3a1d e-flex e-con-boxed e-con e-parent\" data-id=\"3ce3a1d\" data-element_type=\"container\" data-e-type=\"container\" data-settings=\"{&quot;background_background&quot;:&quot;classic&quot;}\">\n\t\t\t\t\t<div class=\"e-con-inner\">\n\t\t<div class=\"elementor-element elementor-element-0f76963 e-con-full e-flex e-con e-child\" data-id=\"0f76963\" data-element_type=\"container\" data-e-type=\"container\">\n\t\t\t\t<div class=\"elementor-element elementor-element-e52c3e8 elementor-view-default elementor-widget elementor-widget-icon\" data-id=\"e52c3e8\" data-element_type=\"widget\" data-e-type=\"widget\" data-widget_type=\"icon.default\">\n\t\t\t\t\t\t\t<div class=\"elementor-icon-wrapper\">\n\t\t\t<div class=\"elementor-icon\">\n\t\t\t<svg aria-hidden=\"true\" class=\"e-font-icon-svg e-fas-quote-left\" viewBox=\"0 0 512 512\" xmlns=\"http:\/\/www.w3.org\/2000\/svg\"><path d=\"M464 256h-80v-64c0-35.3 28.7-64 64-64h8c13.3 0 24-10.7 24-24V56c0-13.3-10.7-24-24-24h-8c-88.4 0-160 71.6-160 160v240c0 26.5 21.5 48 48 48h128c26.5 0 48-21.5 48-48V304c0-26.5-21.5-48-48-48zm-288 0H96v-64c0-35.3 28.7-64 64-64h8c13.3 0 24-10.7 24-24V56c0-13.3-10.7-24-24-24h-8C71.6 32 0 103.6 0 192v240c0 26.5 21.5 48 48 48h128c26.5 0 48-21.5 48-48V304c0-26.5-21.5-48-48-48z\"><\/path><\/svg>\t\t\t<\/div>\n\t\t<\/div>\n\t\t\t\t\t\t<\/div>\n\t\t\t\t<div class=\"elementor-element elementor-element-31e805b elementor-widget elementor-widget-text-editor\" data-id=\"31e805b\" data-element_type=\"widget\" data-e-type=\"widget\" data-widget_type=\"text-editor.default\">\n\t\t\t\t\t\t\t\t\t<p>&#8220;I imagine you quietly<br>as when we went to work in the vineyards,<br>thinking perhaps that the frost<br>would leave us with very little harvest.<\/p><p>I imagine you on your way to the farm<br>fresh wind, sunny afternoon,<br>with a few bunches in the basket<br>of an early harvest.&#8221;<\/p>\t\t\t\t\t\t\t\t<\/div>\n\t\t\t\t<div class=\"elementor-element elementor-element-365d2dc elementor-widget elementor-widget-heading\" data-id=\"365d2dc\" data-element_type=\"widget\" data-e-type=\"widget\" data-widget_type=\"heading.default\">\n\t\t\t\t\t<p class=\"elementor-heading-title elementor-size-default\">Helios Estevez<\/p>\t\t\t\t<\/div>\n\t\t\t\t<\/div>\n\t\t\t\t\t<\/div>\n\t\t\t\t<\/div>\n\t\t<div class=\"elementor-element elementor-element-4da3440 e-flex e-con-boxed e-con e-parent\" data-id=\"4da3440\" data-element_type=\"container\" data-e-type=\"container\" id=\"ficha\">\n\t\t\t\t\t<div class=\"e-con-inner\">\n\t\t<div class=\"elementor-element elementor-element-4f708df e-con-full e-flex e-con e-child\" data-id=\"4f708df\" data-element_type=\"container\" data-e-type=\"container\">\n\t\t\t\t<div class=\"elementor-element elementor-element-02b1ffd elementor-invisible elementor-widget elementor-widget-heading\" data-id=\"02b1ffd\" data-element_type=\"widget\" data-e-type=\"widget\" data-settings=\"{&quot;_animation&quot;:&quot;fadeInLeft&quot;}\" data-widget_type=\"heading.default\">\n\t\t\t\t\t<h2 class=\"elementor-heading-title elementor-size-default\">El Paraje<\/h2>\t\t\t\t<\/div>\n\t\t\t\t<div class=\"elementor-element elementor-element-16569f9 elementor-widget elementor-widget-image\" data-id=\"16569f9\" data-element_type=\"widget\" data-e-type=\"widget\" data-widget_type=\"image.default\">\n\t\t\t\t\t\t\t\t\t\t\t\t\t\t\t<img decoding=\"async\" width=\"800\" height=\"593\" src=\"https:\/\/estevezbodegas.com\/wp-content\/uploads\/2025\/08\/b4fc48a2-d960-4bcf-a6b5-47a80e331941-1024x759.webp\" class=\"attachment-large size-large wp-image-1549\" alt=\"\" srcset=\"https:\/\/estevezbodegas.com\/wp-content\/uploads\/2025\/08\/b4fc48a2-d960-4bcf-a6b5-47a80e331941-1024x759.webp 1024w, https:\/\/estevezbodegas.com\/wp-content\/uploads\/2025\/08\/b4fc48a2-d960-4bcf-a6b5-47a80e331941-300x222.webp 300w, https:\/\/estevezbodegas.com\/wp-content\/uploads\/2025\/08\/b4fc48a2-d960-4bcf-a6b5-47a80e331941-768x569.webp 768w, https:\/\/estevezbodegas.com\/wp-content\/uploads\/2025\/08\/b4fc48a2-d960-4bcf-a6b5-47a80e331941.webp 1080w\" sizes=\"(max-width: 800px) 100vw, 800px\" \/>\t\t\t\t\t\t\t\t\t\t\t\t\t\t\t<\/div>\n\t\t\t\t<div class=\"elementor-element elementor-element-a802477 elementor-widget elementor-widget-text-editor\" data-id=\"a802477\" data-element_type=\"widget\" data-e-type=\"widget\" data-widget_type=\"text-editor.default\">\n\t\t\t\t\t\t\t\t\t<p class=\"text-gray-600 leading-relaxed font-light mb-4\">Located in the highest area of Valtuille, <strong>El Chuqueiro<\/strong> is a unique place. Its clay soils retain the necessary humidity for the old vines, planted in goblet-trained vines more than a century ago, to survive the dry summers of the Bierzo. <\/p><p class=\"text-gray-600 leading-relaxed font-light\">The eastern orientation allows for slow and balanced ripening, protecting the fruit from the scorching afternoon sun.<\/p>\t\t\t\t\t\t\t\t<\/div>\n\t\t\t\t<div class=\"elementor-element elementor-element-a45069d elementor-invisible elementor-widget elementor-widget-bdt-creative-button\" data-id=\"a45069d\" data-element_type=\"widget\" data-e-type=\"widget\" data-settings=\"{&quot;_animation&quot;:&quot;fadeInUp&quot;}\" data-widget_type=\"bdt-creative-button.default\">\n\t\t\t\t\t\t\t\t\t\t<a href=\"https:\/\/estevezbodegas.com\/enoturismo\/\" class=\"bdt-ep-creative-button bdt-ep-creative-button--elon\"><span>Wine tourism<\/span><\/a>\n\t\t\n\t\t\t\t\t\t<\/div>\n\t\t\t\t<\/div>\n\t\t<div class=\"elementor-element elementor-element-6c490a7 e-con-full e-flex e-con e-child\" data-id=\"6c490a7\" data-element_type=\"container\" data-e-type=\"container\">\n\t\t\t\t<div class=\"elementor-element elementor-element-9757529 elementor-invisible elementor-widget elementor-widget-heading\" data-id=\"9757529\" data-element_type=\"widget\" data-e-type=\"widget\" data-settings=\"{&quot;_animation&quot;:&quot;fadeInLeft&quot;}\" data-widget_type=\"heading.default\">\n\t\t\t\t\t<h2 class=\"elementor-heading-title elementor-size-default\">Technical Data<\/h2>\t\t\t\t<\/div>\n\t\t<div class=\"elementor-element elementor-element-7da5072 e-con-full e-flex e-con e-child\" data-id=\"7da5072\" data-element_type=\"container\" data-e-type=\"container\">\n\t\t<div class=\"elementor-element elementor-element-43d39cb e-con-full e-flex e-con e-child\" data-id=\"43d39cb\" data-element_type=\"container\" data-e-type=\"container\">\n\t\t\t\t<div class=\"elementor-element elementor-element-71c29ee elementor-widget elementor-widget-heading\" data-id=\"71c29ee\" data-element_type=\"widget\" data-e-type=\"widget\" data-widget_type=\"heading.default\">\n\t\t\t\t\t<p class=\"elementor-heading-title elementor-size-default\">Vineyard<\/p>\t\t\t\t<\/div>\n\t\t\t\t<div class=\"elementor-element elementor-element-1b54de2 elementor-widget elementor-widget-heading\" data-id=\"1b54de2\" data-element_type=\"widget\" data-e-type=\"widget\" data-widget_type=\"heading.default\">\n\t\t\t\t\t<p class=\"elementor-heading-title elementor-size-default\">The Chuqueiro<\/p>\t\t\t\t<\/div>\n\t\t\t\t<div class=\"elementor-element elementor-element-efdbe3c elementor-widget elementor-widget-heading\" data-id=\"efdbe3c\" data-element_type=\"widget\" data-e-type=\"widget\" data-widget_type=\"heading.default\">\n\t\t\t\t\t<p class=\"elementor-heading-title elementor-size-default\">Varieties in the vineyard<\/p>\t\t\t\t<\/div>\n\t\t\t\t<div class=\"elementor-element elementor-element-b184563 elementor-widget elementor-widget-heading\" data-id=\"b184563\" data-element_type=\"widget\" data-e-type=\"widget\" data-widget_type=\"heading.default\">\n\t\t\t\t\t<p class=\"elementor-heading-title elementor-size-default\">90% Menc\u00eda \/ 5% Bastardo \/ 5% Godello Viejo<\/p>\t\t\t\t<\/div>\n\t\t\t\t<div class=\"elementor-element elementor-element-442e922 elementor-widget elementor-widget-heading\" data-id=\"442e922\" data-element_type=\"widget\" data-e-type=\"widget\" data-widget_type=\"heading.default\">\n\t\t\t\t\t<p class=\"elementor-heading-title elementor-size-default\">Height<\/p>\t\t\t\t<\/div>\n\t\t\t\t<div class=\"elementor-element elementor-element-01f4358 elementor-widget elementor-widget-heading\" data-id=\"01f4358\" data-element_type=\"widget\" data-e-type=\"widget\" data-widget_type=\"heading.default\">\n\t\t\t\t\t<p class=\"elementor-heading-title elementor-size-default\">520m. above sea level <\/p>\t\t\t\t<\/div>\n\t\t\t\t<div class=\"elementor-element elementor-element-4727a77 elementor-widget elementor-widget-heading\" data-id=\"4727a77\" data-element_type=\"widget\" data-e-type=\"widget\" data-widget_type=\"heading.default\">\n\t\t\t\t\t<p class=\"elementor-heading-title elementor-size-default\">Average vineyard age<\/p>\t\t\t\t<\/div>\n\t\t\t\t<div class=\"elementor-element elementor-element-13fe213 elementor-widget elementor-widget-heading\" data-id=\"13fe213\" data-element_type=\"widget\" data-e-type=\"widget\" data-widget_type=\"heading.default\">\n\t\t\t\t\t<p class=\"elementor-heading-title elementor-size-default\">120 years<\/p>\t\t\t\t<\/div>\n\t\t\t\t<div class=\"elementor-element elementor-element-96dba6e elementor-widget elementor-widget-heading\" data-id=\"96dba6e\" data-element_type=\"widget\" data-e-type=\"widget\" data-widget_type=\"heading.default\">\n\t\t\t\t\t<p class=\"elementor-heading-title elementor-size-default\">Fermentation<\/p>\t\t\t\t<\/div>\n\t\t\t\t<div class=\"elementor-element elementor-element-9c44451 elementor-widget elementor-widget-heading\" data-id=\"9c44451\" data-element_type=\"widget\" data-e-type=\"widget\" data-widget_type=\"heading.default\">\n\t\t\t\t\t<p class=\"elementor-heading-title elementor-size-default\">500-liter French oak barrels<\/p>\t\t\t\t<\/div>\n\t\t\t\t<div class=\"elementor-element elementor-element-cff9f39 elementor-widget elementor-widget-heading\" data-id=\"cff9f39\" data-element_type=\"widget\" data-e-type=\"widget\" data-widget_type=\"heading.default\">\n\t\t\t\t\t<p class=\"elementor-heading-title elementor-size-default\">Volume<\/p>\t\t\t\t<\/div>\n\t\t\t\t<div class=\"elementor-element elementor-element-05cad0c elementor-widget elementor-widget-heading\" data-id=\"05cad0c\" data-element_type=\"widget\" data-e-type=\"widget\" data-widget_type=\"heading.default\">\n\t\t\t\t\t<p class=\"elementor-heading-title elementor-size-default\">10,000 bottles<\/p>\t\t\t\t<\/div>\n\t\t\t\t<\/div>\n\t\t<div class=\"elementor-element elementor-element-beff88f e-con-full e-flex e-con e-child\" data-id=\"beff88f\" data-element_type=\"container\" data-e-type=\"container\">\n\t\t\t\t<div class=\"elementor-element elementor-element-f3e965a elementor-widget elementor-widget-heading\" data-id=\"f3e965a\" data-element_type=\"widget\" data-e-type=\"widget\" data-widget_type=\"heading.default\">\n\t\t\t\t\t<p class=\"elementor-heading-title elementor-size-default\">Type<\/p>\t\t\t\t<\/div>\n\t\t\t\t<div class=\"elementor-element elementor-element-47e669b elementor-widget elementor-widget-heading\" data-id=\"47e669b\" data-element_type=\"widget\" data-e-type=\"widget\" data-widget_type=\"heading.default\">\n\t\t\t\t\t<p class=\"elementor-heading-title elementor-size-default\">Glass<\/p>\t\t\t\t<\/div>\n\t\t\t\t<div class=\"elementor-element elementor-element-5c9a804 elementor-widget elementor-widget-heading\" data-id=\"5c9a804\" data-element_type=\"widget\" data-e-type=\"widget\" data-widget_type=\"heading.default\">\n\t\t\t\t\t<p class=\"elementor-heading-title elementor-size-default\">Orientation<\/p>\t\t\t\t<\/div>\n\t\t\t\t<div class=\"elementor-element elementor-element-85181a5 elementor-widget elementor-widget-heading\" data-id=\"85181a5\" data-element_type=\"widget\" data-e-type=\"widget\" data-widget_type=\"heading.default\">\n\t\t\t\t\t<p class=\"elementor-heading-title elementor-size-default\">This<\/p>\t\t\t\t<\/div>\n\t\t\t\t<div class=\"elementor-element elementor-element-61befa9 elementor-widget elementor-widget-heading\" data-id=\"61befa9\" data-element_type=\"widget\" data-e-type=\"widget\" data-widget_type=\"heading.default\">\n\t\t\t\t\t<p class=\"elementor-heading-title elementor-size-default\">Soil<\/p>\t\t\t\t<\/div>\n\t\t\t\t<div class=\"elementor-element elementor-element-d641157 elementor-widget elementor-widget-heading\" data-id=\"d641157\" data-element_type=\"widget\" data-e-type=\"widget\" data-widget_type=\"heading.default\">\n\t\t\t\t\t<p class=\"elementor-heading-title elementor-size-default\">Clayey<\/p>\t\t\t\t<\/div>\n\t\t\t\t<div class=\"elementor-element elementor-element-5135572 elementor-widget elementor-widget-heading\" data-id=\"5135572\" data-element_type=\"widget\" data-e-type=\"widget\" data-widget_type=\"heading.default\">\n\t\t\t\t\t<p class=\"elementor-heading-title elementor-size-default\">Winemaking<\/p>\t\t\t\t<\/div>\n\t\t\t\t<div class=\"elementor-element elementor-element-ef41eee elementor-widget elementor-widget-heading\" data-id=\"ef41eee\" data-element_type=\"widget\" data-e-type=\"widget\" data-widget_type=\"heading.default\">\n\t\t\t\t\t<p class=\"elementor-heading-title elementor-size-default\">500-liter French oak barrels<\/p>\t\t\t\t<\/div>\n\t\t\t\t<div class=\"elementor-element elementor-element-16914eb elementor-widget elementor-widget-heading\" data-id=\"16914eb\" data-element_type=\"widget\" data-e-type=\"widget\" data-widget_type=\"heading.default\">\n\t\t\t\t\t<p class=\"elementor-heading-title elementor-size-default\">Breeding:<\/p>\t\t\t\t<\/div>\n\t\t\t\t<div class=\"elementor-element elementor-element-eb69c9f elementor-widget elementor-widget-heading\" data-id=\"eb69c9f\" data-element_type=\"widget\" data-e-type=\"widget\" data-widget_type=\"heading.default\">\n\t\t\t\t\t<p class=\"elementor-heading-title elementor-size-default\">9 months in 500-liter French oak barrels<\/p>\t\t\t\t<\/div>\n\t\t\t\t<\/div>\n\t\t\t\t<\/div>\n\t\t\t\t<\/div>\n\t\t\t\t\t<\/div>\n\t\t\t\t<\/div>\n\t\t<div class=\"elementor-element elementor-element-03d203f e-flex e-con-boxed e-con e-parent\" data-id=\"03d203f\" data-element_type=\"container\" data-e-type=\"container\" data-settings=\"{&quot;background_background&quot;:&quot;classic&quot;}\">\n\t\t\t\t\t<div class=\"e-con-inner\">\n\t\t\t\t\t<\/div>\n\t\t\t\t<\/div>\n\t\t\t\t<\/div>\n\t\t","protected":false},"excerpt":{"rendered":"<p>Menc\u00eda Ros\u00e9 &#8211; VALTUILLE DE ABAJO Versos deValtuille Musts of Menc\u00eda, Bastardo and Godello Viejo descend by gravity to ferment with indigenous yeasts. The wine then rests for twelve months in French oak barrels, slowly refining until it becomes a ros\u00e9 that reads like a verse: fresh, delicate and full of Bierzo identity. Buy online [&hellip;]<\/p>\n","protected":false},"author":2,"featured_media":0,"parent":1598,"menu_order":0,"comment_status":"closed","ping_status":"closed","template":"","meta":{"footnotes":""},"class_list":["post-1594","page","type-page","status-publish","hentry"],"_links":{"self":[{"href":"https:\/\/estevezbodegas.com\/en\/wp-json\/wp\/v2\/pages\/1594","targetHints":{"allow":["GET"]}}],"collection":[{"href":"https:\/\/estevezbodegas.com\/en\/wp-json\/wp\/v2\/pages"}],"about":[{"href":"https:\/\/estevezbodegas.com\/en\/wp-json\/wp\/v2\/types\/page"}],"author":[{"embeddable":true,"href":"https:\/\/estevezbodegas.com\/en\/wp-json\/wp\/v2\/users\/2"}],"replies":[{"embeddable":true,"href":"https:\/\/estevezbodegas.com\/en\/wp-json\/wp\/v2\/comments?post=1594"}],"version-history":[{"count":3,"href":"https:\/\/estevezbodegas.com\/en\/wp-json\/wp\/v2\/pages\/1594\/revisions"}],"predecessor-version":[{"id":1715,"href":"https:\/\/estevezbodegas.com\/en\/wp-json\/wp\/v2\/pages\/1594\/revisions\/1715"}],"up":[{"embeddable":true,"href":"https:\/\/estevezbodegas.com\/en\/wp-json\/wp\/v2\/pages\/1598"}],"wp:attachment":[{"href":"https:\/\/estevezbodegas.com\/en\/wp-json\/wp\/v2\/media?parent=1594"}],"curies":[{"name":"wp","href":"https:\/\/api.w.org\/{rel}","templated":true}]}}